{"id":149,"date":"2021-08-02T08:24:17","date_gmt":"2021-08-02T08:24:17","guid":{"rendered":"https:\/\/selmans.net\/?page_id=149"},"modified":"2021-08-12T11:18:50","modified_gmt":"2021-08-12T11:18:50","slug":"konuts-2","status":"publish","type":"page","link":"https:\/\/selmans.net\/index.php\/konuts-2\/","title":{"rendered":""},"content":{"rendered":"\n<div class=\"wp-block-group w-full\"><div class=\"wp-block-group__inner-container is-layout-flow wp-block-group-is-layout-flow\">\n<figure class=\"wp-block-video\"><video height=\"720\" style=\"aspect-ratio: 1280 \/ 720;\" width=\"1280\" autoplay loop muted src=\"https:\/\/selmans.net\/wp-content\/uploads\/2021\/08\/4_5787282747038894875-1.mp4\" playsinline><\/video><\/figure>\n<\/div><\/div>\n\n\n\n<h1 class=\"has-text-align-center text-red-600 text-3xl sm:text-5xl font-bold mt-10 sm:mt-32 subpixel-antialiased wp-block-heading\">Produktet tona<\/h1>\n\n\n\n<div class=\"wp-block-columns mt-10 is-layout-flex wp-container-core-columns-is-layout-9d6595d7 wp-block-columns-is-layout-flex\">\n<div class=\"wp-block-column is-layout-flow wp-block-column-is-layout-flow\">\n<figure class=\"wp-block-gallery columns-1 is-cropped pt-10 sm:pt-20 wp-block-gallery-1 is-layout-flex wp-block-gallery-is-layout-flex\"><ul class=\"blocks-gallery-grid\"><li class=\"blocks-gallery-item\"><figure><img loading=\"lazy\" decoding=\"async\" width=\"300\" height=\"300\" src=\"https:\/\/selmans.net\/wp-content\/uploads\/2021\/08\/fistek.png\" alt=\"\" data-id=\"152\" data-full-url=\"https:\/\/selmans.net\/wp-content\/uploads\/2021\/08\/fistek.png\" data-link=\"https:\/\/selmans.net\/index.php\/konuts-2\/fistek\/\" class=\"wp-image-152\" srcset=\"https:\/\/selmans.net\/wp-content\/uploads\/2021\/08\/fistek.png 300w, https:\/\/selmans.net\/wp-content\/uploads\/2021\/08\/fistek-150x150.png 150w\" sizes=\"auto, (max-width: 300px) 100vw, 300px\" \/><\/figure><\/li><\/ul><\/figure>\n<\/div>\n\n\n\n<div class=\"wp-block-column is-layout-flow wp-block-column-is-layout-flow\">\n<div class=\"wp-block-group mt-36\"><div class=\"wp-block-group__inner-container is-layout-flow wp-block-group-is-layout-flow\">\n<div class=\"wp-block-group\"><div class=\"wp-block-group__inner-container is-layout-flow wp-block-group-is-layout-flow\">\n<h1 class=\"text-3xl tracking-wider wp-block-heading\">F\u00ebst\u00ebk<\/h1>\n\n\n\n<p class=\"mt-3\">F\u00ebst\u00ebk t\u00eb pjekur dhe t\u00eb kripur n\u00eb guask\u00eb.<\/p>\n<\/div><\/div>\n\n\n\n<h5 class=\"mt-2 text-gray-800 font-bold wp-block-heading\">F\u00ebst\u00ebk\u00ebt mund t\u00eb p\u00ebrdoren t\u00ebr\u00ebsisht ose t\u00eb cop\u00ebtuara. Mund t\u00eb shtohen en\u00ebt tuaja t\u00eb k\u00ebndshme dhe t\u00eb \u00ebmbla dhe jan\u00eb ideale me salcat, pastat dhe p\u00ebrgaditjet e tjera ushqimore.<\/h5>\n<\/div><\/div>\n\n\n\n<p><\/p>\n<\/div>\n<\/div>\n\n\n\n<div class=\"wp-block-columns mt-10 is-layout-flex wp-container-core-columns-is-layout-9d6595d7 wp-block-columns-is-layout-flex\">\n<div class=\"wp-block-column is-layout-flow wp-block-column-is-layout-flow\">\n<div class=\"wp-block-group sm:pt-20 sm:pl-16\"><div class=\"wp-block-group__inner-container is-layout-flow wp-block-group-is-layout-flow\">\n<h1 class=\"text-3xl tracking-wider wp-block-heading\">Lajthi<\/h1>\n\n\n\n<p class=\"mt-3\">Lajthi t\u00eb q\u00ebruara.<\/p>\n\n\n\n<h5 class=\"mt-2 text-gray-800 wp-block-heading\"><strong>Lajthit\u00eb tona&nbsp; jan\u00eb t\u00eb vler\u00ebsuara shum\u00eb p\u00ebr form\u00ebn, shijen dhe arom\u00ebn e shk\u00eblqyer. Mund t\u00eb p\u00ebrdoren n\u00eb gatime t\u00eb ndryshme ushqimore. Kan\u00eb nj\u00eb arom\u00eb t\u00eb mir\u00eb me shije fruti. Mund t\u00eb p\u00ebrdoren si t\u00eb cop\u00ebtuara dhe t\u00eb grimcuara dhe jan\u00eb t\u00eb p\u00ebrkryera me sallata, perime dhe pasta.<\/strong><\/h5>\n<\/div><\/div>\n<\/div>\n\n\n\n<div class=\"wp-block-column is-layout-flow wp-block-column-is-layout-flow\">\n<figure class=\"wp-block-gallery columns-1 is-cropped wp-block-gallery-2 is-layout-flex wp-block-gallery-is-layout-flex\"><ul class=\"blocks-gallery-grid\"><li class=\"blocks-gallery-item\"><figure><img loading=\"lazy\" decoding=\"async\" width=\"300\" height=\"300\" src=\"https:\/\/selmans.net\/wp-content\/uploads\/2021\/08\/lajthi.png\" alt=\"\" data-id=\"156\" data-full-url=\"https:\/\/selmans.net\/wp-content\/uploads\/2021\/08\/lajthi.png\" data-link=\"https:\/\/selmans.net\/index.php\/konuts-2\/lajthi\/\" class=\"wp-image-156\" srcset=\"https:\/\/selmans.net\/wp-content\/uploads\/2021\/08\/lajthi.png 300w, https:\/\/selmans.net\/wp-content\/uploads\/2021\/08\/lajthi-150x150.png 150w\" sizes=\"auto, (max-width: 300px) 100vw, 300px\" \/><\/figure><\/li><\/ul><\/figure>\n<\/div>\n<\/div>\n\n\n\n<div class=\"wp-block-columns mt-10 is-layout-flex wp-container-core-columns-is-layout-9d6595d7 wp-block-columns-is-layout-flex\">\n<div class=\"wp-block-column is-layout-flow wp-block-column-is-layout-flow\">\n<figure class=\"wp-block-image size-large\"><img loading=\"lazy\" decoding=\"async\" width=\"300\" height=\"300\" src=\"https:\/\/selmans.net\/wp-content\/uploads\/2021\/08\/badem.png\" alt=\"\" class=\"wp-image-160\" srcset=\"https:\/\/selmans.net\/wp-content\/uploads\/2021\/08\/badem.png 300w, https:\/\/selmans.net\/wp-content\/uploads\/2021\/08\/badem-150x150.png 150w\" sizes=\"auto, (max-width: 300px) 100vw, 300px\" \/><\/figure>\n<\/div>\n\n\n\n<div class=\"wp-block-column mt-20 is-layout-flow wp-block-column-is-layout-flow\">\n<h2 class=\"text-3xl tracking-wider wp-block-heading\">Badem<\/h2>\n\n\n\n<p class=\"mt-3\">Badem, krip\u00eb.<\/p>\n\n\n\n<h5 class=\"mt-2 text-gray-800 wp-block-heading\"><strong>Konsistenca jon\u00eb e badem\u00ebve \u00ebsht\u00eb e q\u00ebndrueshme me nj\u00eb arom\u00eb tipike t\u00eb badem\u00ebve t\u00eb frek\u00ebt.<\/strong><\/h5>\n<\/div>\n<\/div>\n\n\n\n<div class=\"wp-block-columns mt-10 is-layout-flex wp-container-core-columns-is-layout-9d6595d7 wp-block-columns-is-layout-flex\">\n<div class=\"wp-block-column mt-20 is-layout-flow wp-block-column-is-layout-flow\">\n<h2 class=\"text-3xl tracking-wider wp-block-heading\">Miks frutash<\/h2>\n\n\n\n<p class=\"mt-3\">Fruta t\u00eb thata t\u00eb p\u00ebrziera, t\u00eb pjekura dhe t\u00eb kripura.<\/p>\n\n\n\n<h5 class=\"mt-2 text-gray-800 wp-block-heading\"><strong>Nj\u00eb p\u00ebrzierje e badem\u00ebve, lajthis\u00eb, rrushit t\u00eb dhat\u00eb, arr\u00ebs. Ngjyra delikate me shije dhe freski t\u00eb dalluar.<\/strong><\/h5>\n\n\n\n<p><\/p>\n<\/div>\n\n\n\n<div class=\"wp-block-column is-layout-flow wp-block-column-is-layout-flow\">\n<figure class=\"wp-block-image size-large\"><img loading=\"lazy\" decoding=\"async\" width=\"300\" height=\"300\" src=\"https:\/\/selmans.net\/wp-content\/uploads\/2021\/08\/mixed.png\" alt=\"\" class=\"wp-image-162\" srcset=\"https:\/\/selmans.net\/wp-content\/uploads\/2021\/08\/mixed.png 300w, https:\/\/selmans.net\/wp-content\/uploads\/2021\/08\/mixed-150x150.png 150w\" sizes=\"auto, (max-width: 300px) 100vw, 300px\" \/><\/figure>\n<\/div>\n<\/div>\n\n\n\n<div class=\"wp-block-columns mt-10 is-layout-flex wp-container-core-columns-is-layout-9d6595d7 wp-block-columns-is-layout-flex\">\n<div class=\"wp-block-column is-layout-flow wp-block-column-is-layout-flow\">\n<figure class=\"wp-block-image size-large\"><img loading=\"lazy\" decoding=\"async\" width=\"300\" height=\"300\" src=\"https:\/\/selmans.net\/wp-content\/uploads\/2021\/08\/cashew.png\" alt=\"\" class=\"wp-image-163\" srcset=\"https:\/\/selmans.net\/wp-content\/uploads\/2021\/08\/cashew.png 300w, https:\/\/selmans.net\/wp-content\/uploads\/2021\/08\/cashew-150x150.png 150w\" sizes=\"auto, (max-width: 300px) 100vw, 300px\" \/><\/figure>\n<\/div>\n\n\n\n<div class=\"wp-block-column mt-20 is-layout-flow wp-block-column-is-layout-flow\">\n<h2 class=\"text-3xl tracking-wider wp-block-heading\">Arra Indiane<\/h2>\n\n\n\n<p class=\"mt-3\">Arra indiane t\u00eb q\u00ebruara<\/p>\n\n\n\n<h5 class=\"mt-2 text-gray-800 wp-block-heading\"><strong>Arrat indiane jan\u00eb burim i energjis\u00eb s\u00eb vitaminave, mineraleve dhe ushqyesve t\u00eb tjer\u00eb t\u00eb dobish\u00ebm. Ngr\u00ebnja e arrave indiane \u00ebsht\u00eb e lidhur me parandalimin e kancerit, sh\u00ebndetin e zemr\u00ebs dhe mir\u00ebmbajtjen e pesh\u00ebs. Jan\u00eb t\u00eb pasura me vitaminat E, K dhe B-6, s\u00eb bashku me mineralet si bakri, fosfori, hekuri dhe seleni.<\/strong><\/h5>\n<\/div>\n<\/div>\n\n\n\n<div class=\"wp-block-columns mt-10 is-layout-flex wp-container-core-columns-is-layout-9d6595d7 wp-block-columns-is-layout-flex\">\n<div class=\"wp-block-column mt-20 is-layout-flow wp-block-column-is-layout-flow\">\n<h2 class=\"text-3xl tracking-wider wp-block-heading\">Arra<\/h2>\n\n\n\n<p class=\"mt-3\">T\u00eb q\u00ebruara, pa guask\u00eb.<\/p>\n\n\n\n<h5 class=\"mt-2 text-gray-800 wp-block-heading\"><strong>Arra organike t\u00eb pasura me proteina, omega 3 dhe antioksidant\u00eb. Jan\u00eb t\u00eb shk\u00eblqyera p\u00ebr diet\u00ebn tuaj dhe preferohen p\u00ebr meze t\u00eb lehta, gatime dhe pjekje t\u00eb ndryshme.<\/strong><\/h5>\n<\/div>\n\n\n\n<div class=\"wp-block-column is-layout-flow wp-block-column-is-layout-flow\">\n<figure class=\"wp-block-image size-large\"><img loading=\"lazy\" decoding=\"async\" width=\"300\" height=\"300\" src=\"https:\/\/selmans.net\/wp-content\/uploads\/2021\/08\/arra.png\" alt=\"\" class=\"wp-image-164\" srcset=\"https:\/\/selmans.net\/wp-content\/uploads\/2021\/08\/arra.png 300w, https:\/\/selmans.net\/wp-content\/uploads\/2021\/08\/arra-150x150.png 150w\" sizes=\"auto, (max-width: 300px) 100vw, 300px\" \/><\/figure>\n<\/div>\n<\/div>\n\n\n\n<div class=\"wp-block-columns mt-10 is-layout-flex wp-container-core-columns-is-layout-9d6595d7 wp-block-columns-is-layout-flex\">\n<div class=\"wp-block-column is-layout-flow wp-block-column-is-layout-flow\">\n<figure class=\"wp-block-image size-large\"><img loading=\"lazy\" decoding=\"async\" width=\"300\" height=\"300\" src=\"https:\/\/selmans.net\/wp-content\/uploads\/2021\/08\/fara.png\" alt=\"\" class=\"wp-image-165\" srcset=\"https:\/\/selmans.net\/wp-content\/uploads\/2021\/08\/fara.png 300w, https:\/\/selmans.net\/wp-content\/uploads\/2021\/08\/fara-150x150.png 150w\" sizes=\"auto, (max-width: 300px) 100vw, 300px\" \/><\/figure>\n<\/div>\n\n\n\n<div class=\"wp-block-column mt-20 is-layout-flow wp-block-column-is-layout-flow\">\n<h2 class=\"text-3xl tracking-wider wp-block-heading\">Salty Sun<\/h2>\n\n\n\n<p class=\"mt-3\">Fara luledielli t\u00eb kripura<\/p>\n\n\n\n<h5 class=\"mt-2 text-gray-800 wp-block-heading\"><strong>Fara luledielli t\u00eb kripura dhe t\u00eb thata, pothuajse ndoshta fara m\u00eb e shijshme e lulediellit n\u00eb treg. Me proteina dhe fibra, k\u00ebto fara jan\u00eb t\u00eb shk\u00eblqyera p\u00ebr nj\u00eb diet\u00eb<\/strong><\/h5>\n<\/div>\n<\/div>\n\n\n\n<div class=\"wp-block-columns is-layout-flex wp-container-core-columns-is-layout-9d6595d7 wp-block-columns-is-layout-flex\">\n<div class=\"wp-block-column mt-20 is-layout-flow wp-block-column-is-layout-flow\">\n<h2 class=\"text-3xl tracking-wider wp-block-heading\">Spicy Sun<\/h2>\n\n\n\n<p class=\"mt-3\">Fara pikante luledielli.<\/p>\n\n\n\n<h5 class=\"mt-2 text-gray-800 wp-block-heading\"><strong>Fara luledielli me nj\u00eb shije pikante. Jan\u00eb t\u00eb pasura me proteina dhe fibra. Jan\u00eb ideale p\u00ebr organizime, festa dhe b\u00ebjn\u00eb nj\u00eb&nbsp; diet\u00eb t\u00eb p\u00ebrkryer.<\/strong><\/h5>\n\n\n\n<p><\/p>\n<\/div>\n\n\n\n<div class=\"wp-block-column is-layout-flow wp-block-column-is-layout-flow\">\n<figure class=\"wp-block-image size-large\"><img loading=\"lazy\" decoding=\"async\" width=\"300\" height=\"300\" src=\"https:\/\/selmans.net\/wp-content\/uploads\/2021\/08\/spicyfara.png\" alt=\"\" class=\"wp-image-166\" srcset=\"https:\/\/selmans.net\/wp-content\/uploads\/2021\/08\/spicyfara.png 300w, https:\/\/selmans.net\/wp-content\/uploads\/2021\/08\/spicyfara-150x150.png 150w\" sizes=\"auto, (max-width: 300px) 100vw, 300px\" \/><\/figure>\n<\/div>\n<\/div>\n\n\n\n<p><p><\/p>\n\n\n<p><\/p>\n<p><!-- \/wp:post-content --><\/p>\n<p><!-- wp:paragraph --><\/p>\n<p><!-- \/wp:paragraph --><\/p>\n<p><!-- wp:paragraph --><\/p>\n<p><!-- \/wp:paragraph --><\/p>","protected":false},"excerpt":{"rendered":"<p>Produktet tona F\u00ebst\u00ebk F\u00ebst\u00ebk t\u00eb pjekur dhe t\u00eb kripur n\u00eb guask\u00eb. F\u00ebst\u00ebk\u00ebt mund t\u00eb p\u00ebrdoren t\u00ebr\u00ebsisht ose t\u00eb cop\u00ebtuara. Mund t\u00eb shtohen en\u00ebt tuaja t\u00eb k\u00ebndshme dhe t\u00eb \u00ebmbla dhe jan\u00eb ideale me salcat, pastat dhe p\u00ebrgaditjet e tjera ushqimore. Lajthi Lajthi t\u00eb q\u00ebruara. Lajthit\u00eb tona&nbsp; jan\u00eb t\u00eb vler\u00ebsuara shum\u00eb p\u00ebr form\u00ebn, shijen dhe arom\u00ebn [&hellip;]<\/p>\n","protected":false},"author":1,"featured_media":0,"parent":0,"menu_order":0,"comment_status":"closed","ping_status":"closed","template":"","meta":{"footnotes":""},"class_list":["post-149","page","type-page","status-publish","hentry"],"acf":[],"_links":{"self":[{"href":"https:\/\/selmans.net\/index.php\/wp-json\/wp\/v2\/pages\/149","targetHints":{"allow":["GET"]}}],"collection":[{"href":"https:\/\/selmans.net\/index.php\/wp-json\/wp\/v2\/pages"}],"about":[{"href":"https:\/\/selmans.net\/index.php\/wp-json\/wp\/v2\/types\/page"}],"author":[{"embeddable":true,"href":"https:\/\/selmans.net\/index.php\/wp-json\/wp\/v2\/users\/1"}],"replies":[{"embeddable":true,"href":"https:\/\/selmans.net\/index.php\/wp-json\/wp\/v2\/comments?post=149"}],"version-history":[{"count":199,"href":"https:\/\/selmans.net\/index.php\/wp-json\/wp\/v2\/pages\/149\/revisions"}],"predecessor-version":[{"id":475,"href":"https:\/\/selmans.net\/index.php\/wp-json\/wp\/v2\/pages\/149\/revisions\/475"}],"wp:attachment":[{"href":"https:\/\/selmans.net\/index.php\/wp-json\/wp\/v2\/media?parent=149"}],"curies":[{"name":"wp","href":"https:\/\/api.w.org\/{rel}","templated":true}]}}